{"id":800,"date":"2018-12-14T15:37:34","date_gmt":"2018-12-14T15:37:34","guid":{"rendered":"https:\/\/linsys.lu\/bob.linsys\/?page_id=800"},"modified":"2020-01-14T11:04:20","modified_gmt":"2020-01-14T11:04:20","slug":"protection-des-donnees","status":"publish","type":"page","link":"https:\/\/linsys.lu\/bob.linsys\/protection-des-donnees\/","title":{"rendered":"Protection des donn\u00e9es"},"content":{"rendered":"<p>[et_pb_section fb_built=\u00a0\u00bb1&Prime; next_background_color=\u00a0\u00bb#ffffff\u00a0\u00bb admin_label=\u00a0\u00bbHero section\u00a0\u00bb _builder_version=\u00a0\u00bb3.22.7&Prime; use_background_color_gradient=\u00a0\u00bbon\u00a0\u00bb background_color_gradient_start=\u00a0\u00bbrgba(0,0,0,0.86)\u00a0\u00bb background_color_gradient_end=\u00a0\u00bbrgba(255,255,255,0.35)\u00a0\u00bb background_color_gradient_type=\u00a0\u00bbradial\u00a0\u00bb background_color_gradient_start_position=\u00a0\u00bb-6%\u00a0\u00bb background_color_gradient_end_position=\u00a0\u00bb73%\u00a0\u00bb background_color_gradient_overlays_image=\u00a0\u00bbon\u00a0\u00bb background_image=\u00a0\u00bbhttps:\/\/linsys.lu\/bob.linsys\/wp-content\/uploads\/2019\/05\/gprd.jpg\u00a0\u00bb background_position=\u00a0\u00bbbottom_left\u00a0\u00bb min_height=\u00a0\u00bb670px\u00a0\u00bb custom_margin=\u00a0\u00bb||-33px|||\u00a0\u00bb custom_padding=\u00a0\u00bb0px||0px|||\u00a0\u00bb top_divider_style=\u00a0\u00bbslant2&Prime; top_divider_color=\u00a0\u00bbrgba(0,0,0,0.32)\u00a0\u00bb top_divider_height=\u00a0\u00bb79px\u00a0\u00bb top_divider_flip=\u00a0\u00bbvertical\u00a0\u00bb bottom_divider_style=\u00a0\u00bbslant\u00a0\u00bb bottom_divider_height=\u00a0\u00bb89px\u00a0\u00bb bottom_divider_flip=\u00a0\u00bbvertical|horizontal\u00a0\u00bb][\/et_pb_section][et_pb_section fb_built=\u00a0\u00bb1&Prime; _builder_version=\u00a0\u00bb3.22.3&Prime; min_height=\u00a0\u00bb1032px\u00a0\u00bb custom_margin=\u00a0\u00bb37px|||||\u00a0\u00bb custom_padding=\u00a0\u00bb1px|0px|0|0px|false|false\u00a0\u00bb][et_pb_row use_custom_gutter=\u00a0\u00bbon\u00a0\u00bb gutter_width=\u00a0\u00bb1&Prime; _builder_version=\u00a0\u00bb3.25&Prime; background_color=\u00a0\u00bb#ffffff\u00a0\u00bb background_size=\u00a0\u00bbinitial\u00a0\u00bb background_position=\u00a0\u00bbtop_left\u00a0\u00bb background_repeat=\u00a0\u00bbrepeat\u00a0\u00bb max_width=\u00a0\u00bb1440px\u00a0\u00bb min_height=\u00a0\u00bb941px\u00a0\u00bb animation_style=\u00a0\u00bbslide\u00a0\u00bb animation_direction=\u00a0\u00bbbottom\u00a0\u00bb animation_intensity_slide=\u00a0\u00bb6%\u00a0\u00bb animation_starting_opacity=\u00a0\u00bb100%\u00a0\u00bb border_radii=\u00a0\u00bbon|15px|15px|15px|15px\u00a0\u00bb border_color_all=\u00a0\u00bb#000000&Prime; border_width_top=\u00a0\u00bb20px\u00a0\u00bb border_color_top=\u00a0\u00bbrgba(0,0,0,0.48)\u00a0\u00bb box_shadow_style=\u00a0\u00bbpreset3&Prime; box_shadow_vertical=\u00a0\u00bb39px\u00a0\u00bb box_shadow_blur=\u00a0\u00bb80px\u00a0\u00bb box_shadow_color=\u00a0\u00bbrgba(0,0,0,0.1)\u00a0\u00bb use_custom_width=\u00a0\u00bbon\u00a0\u00bb custom_width_px=\u00a0\u00bb1440px\u00a0\u00bb][et_pb_column type=\u00a0\u00bb4_4&Prime; _builder_version=\u00a0\u00bb3.25&Prime; custom_padding=\u00a0\u00bb|40px|0px|40px\u00a0\u00bb custom_padding__hover=\u00a0\u00bb|||\u00a0\u00bb][et_pb_text _builder_version=\u00a0\u00bb4.0.3&Prime; text_font=\u00a0\u00bbVerdana|||||on|||\u00a0\u00bb text_text_color=\u00a0\u00bbrgba(12,113,195,0.07)\u00a0\u00bb text_font_size=\u00a0\u00bb58px\u00a0\u00bb text_line_height=\u00a0\u00bb0.2em\u00a0\u00bb header_font=\u00a0\u00bb||||||||\u00a0\u00bb header_font_size=\u00a0\u00bb46px\u00a0\u00bb header_2_font=\u00a0\u00bbVerdana|600|||||||\u00a0\u00bb header_2_text_color=\u00a0\u00bbrgba(0,0,0,0.4)\u00a0\u00bb header_2_font_size=\u00a0\u00bb48px\u00a0\u00bb header_2_line_height=\u00a0\u00bb1.4em\u00a0\u00bb text_orientation=\u00a0\u00bbcenter\u00a0\u00bb min_height=\u00a0\u00bb26px\u00a0\u00bb custom_margin=\u00a0\u00bb24px||-10px||false|\u00a0\u00bb custom_margin_tablet=\u00a0\u00bb||0px|\u00a0\u00bb custom_margin_phone=\u00a0\u00bb\u00a0\u00bb custom_margin_last_edited=\u00a0\u00bbon|tablet\u00a0\u00bb hover_enabled=\u00a0\u00bb0&Prime; text_font_size_tablet=\u00a0\u00bb80px\u00a0\u00bb text_font_size_phone=\u00a0\u00bb60px\u00a0\u00bb text_font_size_last_edited=\u00a0\u00bbon|desktop\u00a0\u00bb header_2_font_size_tablet=\u00a0\u00bb\u00a0\u00bb header_2_font_size_phone=\u00a0\u00bb36px\u00a0\u00bb header_2_font_size_last_edited=\u00a0\u00bbon|phone\u00a0\u00bb custom_padding=\u00a0\u00bb0px|||||\u00a0\u00bb]<\/p>\n<h2 style=\"text-align: center;\"><strong>Notice d\u2019information sur la protection des donn\u00e9es \u00e0 caract\u00e8re personnel <\/strong>(RGPD)<\/h2>\n<p>[\/et_pb_text][et_pb_text _builder_version=\u00a0\u00bb4.0.3&Prime; min_height=\u00a0\u00bb658px\u00a0\u00bb custom_padding=\u00a0\u00bb35px|||25px||\u00a0\u00bb hover_enabled=\u00a0\u00bb0&Prime; custom_margin=\u00a0\u00bb2px|||||\u00a0\u00bb]<\/p>\n<div id=\"contact_block\" class=\"block\">\n<p>L\u2019objectif de cette notice d\u2019information (ci-apr\u00e8s \u00ab Notice \u00bb) est de vous informer comment Linsys S.A. (ci-apr\u00e8s \u00ab\u00a0Linsys\u00a0\u00bb), en tant que responsable du traitement, collecte, traite, partage et prot\u00e8ge vos donn\u00e9es \u00e0 caract\u00e8re personnel obtenues lors de la visite de son site Internet (http:\/\/www.linsys.lu) conform\u00e9ment au R\u00e8glement G\u00e9n\u00e9ral sur la Protection des Donn\u00e9es (\u00ab\u00a0RGPD\u00a0\u00bb) et \u00e0 la loi nationale applicable.<\/p>\n<p>Linsys s\u2019engage \u00e0 prot\u00e9ger la vie priv\u00e9e de toute personne avec qui elle est en contact, et s\u2019engage ainsi \u00e0 respecter la r\u00e9glementation en mati\u00e8re de protection de donn\u00e9es \u00e0 caract\u00e8re personnel en vigueur.<\/p>\n<h3><strong><em>1. <\/em><\/strong><strong><em>Responsable du traitement et D\u00e9l\u00e9gu\u00e9 \u00e0 la Protection des Donn\u00e9es (\u00ab\u00a0DPO\u00a0\u00bb)<\/em><\/strong><\/h3>\n<ul>\n<li><strong><\/strong><strong> Le responsable du traitement<\/strong><\/li>\n<\/ul>\n<p>La soci\u00e9t\u00e9 <strong>Linsys S.A<\/strong>., dont le si\u00e8ge social est situ\u00e9 au 9 ZARE EST, L-4385 EHLERANGE, Luxembourg, et repr\u00e9sent\u00e9e par M. Rolf Kersch, C.E.O. et M. Philippe Schmitz, administrateur-d\u00e9l\u00e9gu\u00e9, inscrite au registre de commerce et des soci\u00e9t\u00e9s de Luxembourg sous le num\u00e9ro B 93.340.<\/p>\n<ul>\n<li><strong><\/strong><strong> Le DPO<\/strong><\/li>\n<\/ul>\n<p>La soci\u00e9t\u00e9 \u00e0 responsabilit\u00e9 limit\u00e9e <strong>MGSI SARL<\/strong>, \u00e9tablie et ayant son si\u00e8ge social au 1, rue Bender, L-1229 Luxembourg, inscrite au registre de commerce et des soci\u00e9t\u00e9s de Luxembourg sous le num\u00e9ro B 192.771.<\/p>\n<h3><strong><em>2. <\/em><\/strong><strong><em>Les donn\u00e9es personnelles trait\u00e9es <\/em><\/strong><\/h3>\n<p>Nous collectons vos donn\u00e9es \u00e0 caract\u00e8re personnel lorsque vous consultez notre site web et lorsque vous nous contactez par courrier \u00e9lectronique. Les donn\u00e9es collect\u00e9es sont notamment les suivantes :<\/p>\n<ul>\n<li>Donn\u00e9es relatives \u00e0 la navigation sur le site web (horodatage, adresse IP donn\u00e9es techniques relatives \u00e0 l\u2019\u00e9quipement et au navigateur utilis\u00e9s, cookies).<\/li>\n<li>Les donn\u00e9es d\u2019identification personnelle que vous \u00eates susceptibles de nous communiquer lors de vos correspondances en nous contactant via nos adresses mails\u00a0: ex.\u00a0: adresse email, nom, pr\u00e9nom, num\u00e9ro de t\u00e9l\u00e9phone, fonction, entreprise\u2026<\/li>\n<\/ul>\n<h3><strong><em>3. <\/em><\/strong><strong><em>Les finalit\u00e9s du traitement<\/em><\/strong><\/h3>\n<p>Le traitement a pour objet la gestion du sites web administr\u00e9 par Linsys. Ce traitement permet notamment de\u00a0:<\/p>\n<ul>\n<li>Vous transmettre, suite \u00e0 votre demande, des informations diverses relatives \u00e0 Linsys, ses produits et services et partenaires commerciaux ;<\/li>\n<li>Suivre la gestion des demandes de renseignement ou de contact formul\u00e9es par email\u00a0;<\/li>\n<li>S\u2019assurer du suivi de votre candidature et la s\u00e9lection du personnel aux fins d\u2019engagement (recrutement)\u00a0;<\/li>\n<li>S\u2019assurer du suivi de vos inscriptions aux formations propos\u00e9es via notre site web.<\/li>\n<\/ul>\n<p>Ces traitements sont fond\u00e9s sur votre consentement, ce qui signifie que vous avez souhait\u00e9 \u00eatre contact\u00e9 par Linsys en formulant une demande par email.<\/p>\n<h3><strong><em>4. <\/em><\/strong><strong><em>La dur\u00e9e de conservation de vos donn\u00e9es \u00e0 caract\u00e8re personnel<\/em><\/strong><\/h3>\n<p>Le RGPD instaure le principe de la limitation de la dur\u00e9e de conservation des donn\u00e9es \u00e0 caract\u00e8re personnel.<\/p>\n<p>Nous vous rappelons qu\u2019en vertu du principe de minimisation des donn\u00e9es et de limitation de traitement, vos donn\u00e9es ne seront conserv\u00e9es que pour les finalit\u00e9s pour lesquelles elles ont \u00e9t\u00e9 collect\u00e9es.<\/p>\n<p>Les donn\u00e9es trait\u00e9es pour r\u00e9pondre \u00e0 votre demande de contact pourront toutefois \u00eatre conserv\u00e9es \u00e0 des fins historiques jusqu\u2019au maximum 24 mois apr\u00e8s la fin de notre relation.<\/p>\n<h3><strong><em>5. <\/em><\/strong><strong><em>Le transfert de donn\u00e9es \u00e0 caract\u00e8re personnel <\/em><\/strong><\/h3>\n<p>Vos donn\u00e9es \u00e0 caract\u00e8re personnel, dans le cadre des traitements d\u00e9finis ci-dessus, sont susceptibles d\u2019\u00eatre transmises \u00e0 des soci\u00e9t\u00e9s sous-traitantes auxquelles Linsys fait appel dans le cadre de l\u2019ex\u00e9cution des prestations et des services, comme par exemple les soci\u00e9t\u00e9s \u00e9tablissant les licences commerciales sur certains produits et services vendus.\u00a0<\/p>\n<p>Par ailleurs, Linsys peut \u00eatre dans l\u2019obligation de transmettre des donn\u00e9es personnelles vous concernant \u00e0 un tiers sur requ\u00eate des autorit\u00e9s judiciaires ou de toute autorit\u00e9 administrative habilit\u00e9e par la loi.<\/p>\n<p>Aucun transfert de vos donn\u00e9es \u00e0 caract\u00e8re personnel n\u2019est fait en dehors de l\u2019Union europ\u00e9enne dans le cadre de ces traitements.<\/p>\n<h3><strong><em>6. <\/em><\/strong><strong><em>Les droits des personnes concern\u00e9es<\/em><\/strong><\/h3>\n<p>Toute personne concern\u00e9e dont Linsys, en tant que responsable du traitement, traite des donn\u00e9es \u00e0 caract\u00e8re personnel peut exercer les droits \u00e9num\u00e9r\u00e9s ci-apr\u00e8s.<\/p>\n<ul>\n<li><strong>D\u2019un droit d\u2019acc\u00e8s<\/strong>: vous pouvez obtenir la confirmation que nous traitons des donn\u00e9es vous concernant et obtenir une copie de ces donn\u00e9es\u00a0;<\/li>\n<li><strong>D\u2019un droit de rectification<\/strong>: vous pouvez demander la rectification de vos donn\u00e9es inexactes ou incompl\u00e8tes\u00a0;<\/li>\n<li><strong>D\u2019un droit \u00e0 l\u2019effacement<\/strong>: dans certains cas, vous pouvez demander l\u2019effacement de vos donn\u00e9es \u00e0 caract\u00e8re personnel. Nous sommes toutefois susceptibles de conserver certaines donn\u00e9es vous concernant lorsque nous y sommes oblig\u00e9s par la loi o\u00f9 nous avons un int\u00e9r\u00eat l\u00e9gitime pour le faire\u00a0;<\/li>\n<li><strong>D\u2019un droit \u00e0 la limitation du traitement<\/strong>: vous pouvez la limitation de certains traitements effectu\u00e9s sur vos donn\u00e9es \u00e0 caract\u00e8re personnel. Ce droit joue uniquement dans les cas suivants\u00a0:\n<ul>\n<li>Lorsque vous contestez l\u2019exactitude de vos donn\u00e9es pendant le temps n\u00e9cessaire pour v\u00e9rifier l\u2019exactitude des donn\u00e9es\u00a0;<\/li>\n<li>En cas de traitement illicite de notre part et que vous ne souhaitez pas l\u2019effacement des donn\u00e9es \u00e0 caract\u00e8re personnel en question\u00a0;<\/li>\n<li>Nous n\u2019avons plus besoin de vos donn\u00e9es \u00e0 caract\u00e8re personnel mais celles-ci vous sont n\u00e9cessaires pour la constatation, l\u2019exercice ou la d\u00e9fense de droits en justice\u00a0;<\/li>\n<li>Lorsque vous avez exerc\u00e9 votre droit d\u2019opposition le temps de v\u00e9rifier que les motifs l\u00e9gitimes que nous poursuivons pr\u00e9valent sur les v\u00f4tres\u00a0;<\/li>\n<\/ul>\n<\/li>\n<li><strong>D\u2019un droit d\u2019opposition<\/strong>: \u00e0 tout moment, vous disposez d\u2019un droit d\u2019opposition. Ce droit ne s\u2019applique pas lorsqu\u2019il existe des motifs l\u00e9gitimes et imp\u00e9rieux de Linsys qui pr\u00e9valent sur vous int\u00e9r\u00eats, vos droits et libert\u00e9s ou dans le cas de la constatation, de l\u2019exercice ou la d\u00e9fense de droit\u00a0en justice ;<\/li>\n<li><strong>Le droit de retirer votre consentement : <\/strong>lorsque le traitement est fond\u00e9 sur le consentement, vous pouvez le retirer \u00e0 tout moment.<\/li>\n<li><strong>D\u2019un droit d\u2019introduire une r\u00e9clamation<\/strong> : vous disposez du droit d\u2019introduire une r\u00e9clamation aupr\u00e8s de l\u2019autorit\u00e9 de contr\u00f4le comp\u00e9tente\u00a0; au Luxembourg, la Commission nationale pour la Protection des Donn\u00e9es (CNPD).<\/li>\n<\/ul>\n<p>Toute demande ou tout exercice de vos droits doit \u00eatre adress\u00e9e \u00e0 l\u2019adresse \u00e9lectronique <span style=\"text-decoration: underline;\"><span style=\"color: #0c71c3;\"><a href=\"mailto:dpo@linsys.lu\" style=\"color: #0c71c3; text-decoration: underline;\">dpo@linsys.lu<\/a><\/span><\/span> ou \u00e0 l\u2019adresse postale suivante, par lettre recommand\u00e9e\u00a0:<\/p>\n<p><strong>Linsys S.A.<\/strong><\/p>\n<p><strong>A l\u2019attention du D\u00e9l\u00e9gu\u00e9 \u00e0 la protection des donn\u00e9es<\/strong><\/p>\n<p><strong>9 Zare Est, L-4385 Ehlerange<\/strong><\/p>\n<p><strong>Luxembourg<\/strong><\/p>\n<p>N\u00e9anmoins, en cas d\u2019exercice de vos droits, Linsys ou le DPO est susceptible de vous demander de fournir certaines informations compl\u00e9mentaires afin de vous authentifier comme \u00e9tant la personne l\u00e9gitimement habilit\u00e9e \u00e0 exercer ce droit ou de refuser votre demande si celle-ci ne r\u00e9pond pas aux exigences pr\u00e9vues l\u00e9gales et ou r\u00e9glementaires.<\/p>\n<h2><strong><em>7. <\/em><\/strong><strong><em>La s\u00e9curit\u00e9 des donn\u00e9es \u00e0 caract\u00e8re personnel <\/em><\/strong><\/h2>\n<p>\u00a0Linsys s\u2019engage \u00e0 mettre en place des mesures de s\u00e9curit\u00e9 techniques et organisationnelles afin de prot\u00e9ger vos donn\u00e9es \u00e0 caract\u00e8re personnel. Pour exemple, ces donn\u00e9es sont stock\u00e9es sur nos serveurs s\u00e9curis\u00e9s.<\/p>\n<p>Tous les employ\u00e9s et sous-traitants de Linsys, qui ont acc\u00e8s \u00e0 vos donn\u00e9es \u00e0 caract\u00e8re personnel dans le cadre de leurs missions sont tenus \u00e0 une stricte confidentialit\u00e9 professionnelle. Ils n&rsquo;acc\u00e8dent qu&rsquo;aux seules donn\u00e9es dont ils ont besoin pour s&rsquo;acquitter de leur t\u00e2che et sont r\u00e9guli\u00e8rement sensibilis\u00e9s ou form\u00e9s au respect des r\u00e8gles de conformit\u00e9 et de s\u00e9curit\u00e9 s\u2019appliquant \u00e0 vos donn\u00e9es \u00e0 caract\u00e8re personnel.<\/p>\n<p><strong><em>Version : 02\/01\/2019<\/em><\/strong><\/p>\n<\/div>\n<p>[\/et_pb_text][\/et_pb_column][\/et_pb_row][\/et_pb_section][et_pb_section fb_built=\u00a0\u00bb1&Prime; admin_label=\u00a0\u00bbHero section\u00a0\u00bb _builder_version=\u00a0\u00bb3.22.7&Prime; use_background_color_gradient=\u00a0\u00bbon\u00a0\u00bb background_color_gradient_start=\u00a0\u00bb#000000&Prime; background_color_gradient_end=\u00a0\u00bbrgba(255,255,255,0.76)\u00a0\u00bb background_color_gradient_end_position=\u00a0\u00bb82%\u00a0\u00bb background_color_gradient_overlays_image=\u00a0\u00bbon\u00a0\u00bb background_image=\u00a0\u00bbhttps:\/\/linsys.lu\/bob.linsys\/wp-content\/uploads\/2019\/05\/gprd1.jpg\u00a0\u00bb background_size=\u00a0\u00bbinitial\u00a0\u00bb background_repeat=\u00a0\u00bbrepeat\u00a0\u00bb min_height=\u00a0\u00bb256px\u00a0\u00bb custom_margin=\u00a0\u00bb-30px|||||\u00a0\u00bb top_divider_style=\u00a0\u00bbslant\u00a0\u00bb top_divider_color=\u00a0\u00bb#ffffff\u00a0\u00bb top_divider_flip=\u00a0\u00bbhorizontal|vertical\u00a0\u00bb border_radii=\u00a0\u00bb||17px||\u00a0\u00bb border_color_top=\u00a0\u00bb#E6E80C\u00a0\u00bb][\/et_pb_section]<\/p>\n","protected":false},"excerpt":{"rendered":"<p>[et_pb_section fb_built=\u00a0\u00bb1&Prime; next_background_color=\u00a0\u00bb#ffffff\u00a0\u00bb admin_label=\u00a0\u00bbHero section\u00a0\u00bb _builder_version=\u00a0\u00bb3.22.7&Prime; use_background_color_gradient=\u00a0\u00bbon\u00a0\u00bb background_color_gradient_start=\u00a0\u00bbrgba(0,0,0,0.86)\u00a0\u00bb background_color_gradient_end=\u00a0\u00bbrgba(255,255,255,0.35)\u00a0\u00bb background_color_gradient_type=\u00a0\u00bbradial\u00a0\u00bb background_color_gradient_start_position=\u00a0\u00bb-6%\u00a0\u00bb background_color_gradient_end_position=\u00a0\u00bb73%\u00a0\u00bb background_color_gradient_overlays_image=\u00a0\u00bbon\u00a0\u00bb background_image=\u00a0\u00bbhttps:\/\/linsys.lu\/bob.linsys\/wp-content\/uploads\/2019\/05\/gprd.jpg\u00a0\u00bb background_position=\u00a0\u00bbbottom_left\u00a0\u00bb min_height=\u00a0\u00bb670px\u00a0\u00bb custom_margin=\u00a0\u00bb||-33px|||\u00a0\u00bb custom_padding=\u00a0\u00bb0px||0px|||\u00a0\u00bb top_divider_style=\u00a0\u00bbslant2&Prime; top_divider_color=\u00a0\u00bbrgba(0,0,0,0.32)\u00a0\u00bb top_divider_height=\u00a0\u00bb79px\u00a0\u00bb top_divider_flip=\u00a0\u00bbvertical\u00a0\u00bb bottom_divider_style=\u00a0\u00bbslant\u00a0\u00bb bottom_divider_height=\u00a0\u00bb89px\u00a0\u00bb bottom_divider_flip=\u00a0\u00bbvertical|horizontal\u00a0\u00bb][\/et_pb_section][et_pb_section fb_built=\u00a0\u00bb1&Prime; _builder_version=\u00a0\u00bb3.22.3&Prime; min_height=\u00a0\u00bb1032px\u00a0\u00bb custom_margin=\u00a0\u00bb37px|||||\u00a0\u00bb custom_padding=\u00a0\u00bb1px|0px|0|0px|false|false\u00a0\u00bb][et_pb_row use_custom_gutter=\u00a0\u00bbon\u00a0\u00bb gutter_width=\u00a0\u00bb1&Prime; _builder_version=\u00a0\u00bb3.25&Prime; background_color=\u00a0\u00bb#ffffff\u00a0\u00bb background_size=\u00a0\u00bbinitial\u00a0\u00bb background_position=\u00a0\u00bbtop_left\u00a0\u00bb background_repeat=\u00a0\u00bbrepeat\u00a0\u00bb max_width=\u00a0\u00bb1440px\u00a0\u00bb min_height=\u00a0\u00bb941px\u00a0\u00bb animation_style=\u00a0\u00bbslide\u00a0\u00bb animation_direction=\u00a0\u00bbbottom\u00a0\u00bb animation_intensity_slide=\u00a0\u00bb6%\u00a0\u00bb animation_starting_opacity=\u00a0\u00bb100%\u00a0\u00bb border_radii=\u00a0\u00bbon|15px|15px|15px|15px\u00a0\u00bb border_color_all=\u00a0\u00bb#000000&Prime; border_width_top=\u00a0\u00bb20px\u00a0\u00bb border_color_top=\u00a0\u00bbrgba(0,0,0,0.48)\u00a0\u00bb box_shadow_style=\u00a0\u00bbpreset3&Prime; box_shadow_vertical=\u00a0\u00bb39px\u00a0\u00bb box_shadow_blur=\u00a0\u00bb80px\u00a0\u00bb box_shadow_color=\u00a0\u00bbrgba(0,0,0,0.1)\u00a0\u00bb use_custom_width=\u00a0\u00bbon\u00a0\u00bb custom_width_px=\u00a0\u00bb1440px\u00a0\u00bb][et_pb_column type=\u00a0\u00bb4_4&Prime; _builder_version=\u00a0\u00bb3.25&Prime; [&hellip;]<\/p>\n","protected":false},"author":1,"featured_media":0,"parent":0,"menu_order":0,"comment_status":"closed","ping_status":"closed","template":"","meta":{"_et_pb_use_builder":"on","_et_pb_old_content":"","_et_gb_content_width":"","footnotes":""},"_links":{"self":[{"href":"https:\/\/linsys.lu\/bob.linsys\/wp-json\/wp\/v2\/pages\/800"}],"collection":[{"href":"https:\/\/linsys.lu\/bob.linsys\/wp-json\/wp\/v2\/pages"}],"about":[{"href":"https:\/\/linsys.lu\/bob.linsys\/wp-json\/wp\/v2\/types\/page"}],"author":[{"embeddable":true,"href":"https:\/\/linsys.lu\/bob.linsys\/wp-json\/wp\/v2\/users\/1"}],"replies":[{"embeddable":true,"href":"https:\/\/linsys.lu\/bob.linsys\/wp-json\/wp\/v2\/comments?post=800"}],"version-history":[{"count":4,"href":"https:\/\/linsys.lu\/bob.linsys\/wp-json\/wp\/v2\/pages\/800\/revisions"}],"predecessor-version":[{"id":2158,"href":"https:\/\/linsys.lu\/bob.linsys\/wp-json\/wp\/v2\/pages\/800\/revisions\/2158"}],"wp:attachment":[{"href":"https:\/\/linsys.lu\/bob.linsys\/wp-json\/wp\/v2\/media?parent=800"}],"curies":[{"name":"wp","href":"https:\/\/api.w.org\/{rel}","templated":true}]}}