{"id":798,"date":"2018-12-14T15:36:42","date_gmt":"2018-12-14T15:36:42","guid":{"rendered":"https:\/\/linsys.lu\/bob.linsys\/?page_id=798"},"modified":"2019-05-27T14:17:00","modified_gmt":"2019-05-27T14:17:00","slug":"conditions-generales","status":"publish","type":"page","link":"https:\/\/linsys.lu\/bob.linsys\/conditions-generales\/","title":{"rendered":"Conditions g\u00e9n\u00e9rales"},"content":{"rendered":"<p>[et_pb_section fb_built=\u00a0\u00bb1&Prime; next_background_color=\u00a0\u00bb#ffffff\u00a0\u00bb admin_label=\u00a0\u00bbHero section\u00a0\u00bb _builder_version=\u00a0\u00bb3.22.7&Prime; use_background_color_gradient=\u00a0\u00bbon\u00a0\u00bb background_color_gradient_start=\u00a0\u00bbrgba(0,0,0,0.86)\u00a0\u00bb background_color_gradient_end=\u00a0\u00bbrgba(255,255,255,0.35)\u00a0\u00bb background_color_gradient_type=\u00a0\u00bbradial\u00a0\u00bb background_color_gradient_start_position=\u00a0\u00bb-6%\u00a0\u00bb background_color_gradient_end_position=\u00a0\u00bb73%\u00a0\u00bb background_color_gradient_overlays_image=\u00a0\u00bbon\u00a0\u00bb background_image=\u00a0\u00bbhttps:\/\/linsys.lu\/bob.linsys\/wp-content\/uploads\/2019\/05\/conditions-generales.jpg\u00a0\u00bb background_position=\u00a0\u00bbbottom_left\u00a0\u00bb min_height=\u00a0\u00bb670px\u00a0\u00bb custom_padding=\u00a0\u00bb0px||0px|||\u00a0\u00bb top_divider_style=\u00a0\u00bbslant2&Prime; top_divider_color=\u00a0\u00bbrgba(0,0,0,0.32)\u00a0\u00bb top_divider_height=\u00a0\u00bb79px\u00a0\u00bb top_divider_flip=\u00a0\u00bbvertical\u00a0\u00bb bottom_divider_style=\u00a0\u00bbwaves2&Prime; bottom_divider_height=\u00a0\u00bb89px\u00a0\u00bb bottom_divider_flip=\u00a0\u00bbvertical|horizontal\u00a0\u00bb][\/et_pb_section][et_pb_section fb_built=\u00a0\u00bb1&Prime; _builder_version=\u00a0\u00bb3.22.3&Prime; min_height=\u00a0\u00bb1032px\u00a0\u00bb custom_margin=\u00a0\u00bb15px|||||\u00a0\u00bb custom_padding=\u00a0\u00bb1px|0px|0|0px|false|false\u00a0\u00bb][et_pb_row use_custom_gutter=\u00a0\u00bbon\u00a0\u00bb gutter_width=\u00a0\u00bb1&Prime; padding_top_2=\u00a0\u00bb150px\u00a0\u00bb padding_right_1=\u00a0\u00bb40px\u00a0\u00bb padding_right_2=\u00a0\u00bb41px\u00a0\u00bb padding_right_3=\u00a0\u00bb40px\u00a0\u00bb padding_bottom_1=\u00a0\u00bb0px\u00a0\u00bb padding_bottom_2=\u00a0\u00bb0px\u00a0\u00bb padding_left_1=\u00a0\u00bb40px\u00a0\u00bb padding_left_2=\u00a0\u00bb41px\u00a0\u00bb padding_left_3=\u00a0\u00bb40px\u00a0\u00bb _builder_version=\u00a0\u00bb3.22.7&Prime; background_color=\u00a0\u00bb#ffffff\u00a0\u00bb background_size=\u00a0\u00bbinitial\u00a0\u00bb background_position=\u00a0\u00bbtop_left\u00a0\u00bb background_repeat=\u00a0\u00bbrepeat\u00a0\u00bb border_radii=\u00a0\u00bbon|15px|15px|15px|15px\u00a0\u00bb border_color_all=\u00a0\u00bb#000000&Prime; border_width_top=\u00a0\u00bb20px\u00a0\u00bb border_color_top=\u00a0\u00bbrgba(0,0,0,0.48)\u00a0\u00bb box_shadow_style=\u00a0\u00bbpreset3&Prime; box_shadow_vertical=\u00a0\u00bb39px\u00a0\u00bb box_shadow_blur=\u00a0\u00bb80px\u00a0\u00bb box_shadow_color=\u00a0\u00bbrgba(0,0,0,0.1)\u00a0\u00bb max_width=\u00a0\u00bb1440px\u00a0\u00bb min_height=\u00a0\u00bb941px\u00a0\u00bb animation_style=\u00a0\u00bbslide\u00a0\u00bb animation_direction=\u00a0\u00bbbottom\u00a0\u00bb animation_intensity_slide=\u00a0\u00bb6%\u00a0\u00bb animation_starting_opacity=\u00a0\u00bb100%\u00a0\u00bb use_custom_width=\u00a0\u00bbon\u00a0\u00bb custom_width_px=\u00a0\u00bb1440px\u00a0\u00bb][et_pb_column type=\u00a0\u00bb4_4&Prime; _builder_version=\u00a0\u00bb3.0.47&Prime;][et_pb_text _builder_version=\u00a0\u00bb3.22.7&Prime; text_font=\u00a0\u00bbVerdana|||||on|||\u00a0\u00bb text_text_color=\u00a0\u00bbrgba(12,113,195,0.07)\u00a0\u00bb text_font_size=\u00a0\u00bb70px\u00a0\u00bb text_font_size_tablet=\u00a0\u00bb80px\u00a0\u00bb text_font_size_phone=\u00a0\u00bb60px\u00a0\u00bb text_font_size_last_edited=\u00a0\u00bbon|desktop\u00a0\u00bb text_line_height=\u00a0\u00bb0.2em\u00a0\u00bb header_font=\u00a0\u00bb||||||||\u00a0\u00bb header_font_size=\u00a0\u00bb46px\u00a0\u00bb header_2_font=\u00a0\u00bbVerdana|600|||||||\u00a0\u00bb header_2_text_color=\u00a0\u00bbrgba(0,0,0,0.4)\u00a0\u00bb header_2_font_size=\u00a0\u00bb48px\u00a0\u00bb header_2_font_size_phone=\u00a0\u00bb36px\u00a0\u00bb header_2_font_size_last_edited=\u00a0\u00bbon|phone\u00a0\u00bb header_2_line_height=\u00a0\u00bb1.4em\u00a0\u00bb text_orientation=\u00a0\u00bbcenter\u00a0\u00bb min_height=\u00a0\u00bb26px\u00a0\u00bb custom_margin=\u00a0\u00bb24px||-10px||false|\u00a0\u00bb custom_margin_tablet=\u00a0\u00bb||0px|\u00a0\u00bb custom_margin_last_edited=\u00a0\u00bbon|tablet\u00a0\u00bb]<\/p>\n<p style=\"text-align: center;\">LINSYS S.A.<\/p>\n<h2 style=\"text-align: center;\">LINSYS S.A.<\/h2>\n<p>[\/et_pb_text][et_pb_text _builder_version=\u00a0\u00bb3.22.7&Prime; min_height=\u00a0\u00bb658px\u00a0\u00bb custom_padding=\u00a0\u00bb35px|||25px||\u00a0\u00bb]<\/p>\n<div class=\"rte\">\n<p class=\"Header1\" style=\"text-align: justify;\"><span style=\"font-size: 12pt; color: #888888;\"><strong><span style=\"font-family: verdana,geneva;\">\u00a01. G\u00e9n\u00e9ralit\u00e9s<\/span><\/strong><\/span><\/p>\n<div style=\"text-align: justify;\" align=\"justify\"><span style=\"font-family: verdana,geneva;\">Les pr\u00e9sentes conditions de vente et de services s&rsquo;appliquent aux relations entre la soci\u00e9t\u00e9 Linsys s.a. et ses clients. L&rsquo;achat de mat\u00e9riel ou de pi\u00e8ces d\u00e9tach\u00e9es, l&rsquo;intervention d&rsquo;un de nos collaborateurs sur du mat\u00e9riel informatique ou le support technique supposent l&rsquo;acceptation de nos conditions de vente. Les pr\u00e9sentes conditions g\u00e9n\u00e9rales de vente sont applicables \u00e0 toutes nos offres, \u00e0 tous nos contrats de vente et \u00e0 toutes nos prestations. Le client reconna\u00eet, par le seul fait de sa commande, avoir pris connaissance des pr\u00e9sentes conditions g\u00e9n\u00e9rales et les accepter. Toute clause ou condition \u00e9manant du client et non accept\u00e9e par \u00e9crit par Linsys s.a. qui serait en opposition avec les pr\u00e9sentes Conditions G\u00e9n\u00e9rales de Vente ou particularit\u00e9s d\u00e9finies dans l&rsquo;offre sera consid\u00e9r\u00e9e comme nulle.<\/span><\/div>\n<p class=\"Header1\" style=\"text-align: justify;\"><span style=\"font-family: verdana,geneva;\">\u00a0<\/span><\/p>\n<p class=\"Header1\" style=\"text-align: justify;\"><strong><span style=\"font-family: verdana,geneva; font-size: 12pt; color: #888888;\">2. Offre et bon de commande<\/span><\/strong><\/p>\n<p style=\"text-align: justify;\"><span style=\"font-family: verdana,geneva;\">Toutes nos offres sont fournies sans engagements et \u00e0 titre indicatif.<\/span><br \/> <span style=\"font-family: verdana,geneva;\"> Les pr\u00e9sentes conditions g\u00e9n\u00e9rales entrent en vigueur \u00e0 la date de signature du bon de commande. Les pr\u00e9sentes conditions g\u00e9n\u00e9rales sont conclues pour la dur\u00e9e n\u00e9cessaire \u00e0 la fourniture des biens et services souscrits, jusqu&rsquo;\u00e0 l&rsquo;extinction des garanties dues par la soci\u00e9t\u00e9 Linsys s.a. Toute commande transmise \u00e0 la soci\u00e9t\u00e9 engage formellement le client.<\/span><\/p>\n<p class=\"Header1\" style=\"text-align: justify;\"><strong><span style=\"font-family: verdana,geneva; font-size: 12pt; color: #888888;\">3. Prix<\/span><\/strong><\/p>\n<p style=\"text-align: justify;\"><span style=\"font-family: verdana,geneva;\">Les prix mentionn\u00e9s dans nos offres et nos listes de prix ont un caract\u00e8re purement indicatif et ne nous engagent nullement. Nos prix sont modifiables sans pr\u00e9avis. Les prix sont toujours ceux en vigueur au jour de la livraison. Except\u00e9 clauses contractuelles particuli\u00e8res formelles et expresses, nos prix s&rsquo;entendent produits livr\u00e9s en nos \u00e9tablissements, frais, emballage et taxes en sus. Les frais de port sont toujours \u00e0 charge du client.<\/span><\/p>\n<p class=\"Header1\" style=\"text-align: justify;\"><strong><span style=\"font-family: verdana,geneva; font-size: 12pt; color: #888888;\">4. D\u00e9lai de livraison<\/span><\/strong><\/p>\n<p style=\"text-align: justify;\"><span style=\"font-family: verdana,geneva;\">Tout d\u00e9lai de livraison est transmis \u00e0 titre indicatif et n\u2019engage nullement Linsys s.a.. Except\u00e9 stipulation expresse contraire, un retard dans la livraison ne peut en aucun cas donner droit \u00e0 l&rsquo;annulation d&rsquo;une commande et \u00e0 l&rsquo;octroi d&rsquo;une indemnit\u00e9 quelconque. Les marchandises voyagent toujours aux risques et p\u00e9rils de l&rsquo;acheteur, quelles que soient les modalit\u00e9s de la livraison.<\/span><br \/> <span style=\"font-family: verdana,geneva;\"> Des livraisons partielles constituant autant de ventes partielles sont toujours autoris\u00e9es.<\/span><\/p>\n<p class=\"Header1\" style=\"text-align: justify;\"><strong><span style=\"font-family: verdana,geneva; color: #888888; font-size: 12pt;\">5. Prestations<\/span><\/strong><\/p>\n<p style=\"text-align: justify;\"><span style=\"font-family: verdana,geneva;\">Les prestations, o\u00f9 qu\u2019elles soient effectu\u00e9es, sont \u00e0 consid\u00e9rer comme une mise \u00e0 disposition de temps et ne peuvent en aucun cas donner lieu \u00e0 des obligations de r\u00e9sultat, mais uniquement de moyen, et ce au vu de la nature et de la complexit\u00e9 des travaux \u00e0 effectuer. Il en r\u00e9sulte que le temps mis \u00e0 disposition est factur\u00e9 au tarif en vigueur. En aucun cas, et quelle que soit la PRESTATION demand\u00e9e, Linsys s.a. ne saurait \u00eatre tenu pour responsable d&rsquo;un endommagement et\/ou d&rsquo;une perte totale ou partielle des donn\u00e9es Informatiques du client, quelle qu&rsquo;en soit la raison. Par cons\u00e9quent, le client prendra toutes les pr\u00e9cautions d&rsquo;usage pour sauvegarder ses donn\u00e9es, avant toute intervention de Linsys s.a..Dans le cas ou Linsys s.a. est amen\u00e9 \u00e0 r\u00e9aliser une sauvegarde des donn\u00e9es du client \u00e0 la demande expresse de celui-ci, le client reconna\u00eet et accepte sans aucune r\u00e9serve de d\u00e9gager Linsys s.a. de toute responsabilit\u00e9 en cas de perte totale ou partielle de ces donn\u00e9es personnelles. En aucun cas, l&rsquo;intervention de Linsys s.a. ne saurait \u00eatre un pr\u00e9texte \u00e0 une extension ou substitution de garantie, pour quelque raison que ce soit. Aucun pr\u00e9judice financier d&rsquo;aucune sorte ne pourra \u00eatre retenu contre Linsys s.a. pour quelque raison que ce soit. D&rsquo;une mani\u00e8re g\u00e9n\u00e9rale, Linsys s.a. ne pourra \u00eatre responsable d&rsquo;aucun pr\u00e9judice financier et\/ou commercial et\/ou moral d&rsquo;aucune sorte pour quelle que raison que ce soit, suite \u00e0 l&rsquo;ex\u00e9cution d&rsquo;une prestation demand\u00e9e par le client.<\/span><\/p>\n<p class=\"Header1\" style=\"text-align: justify;\"><strong><span style=\"font-family: verdana,geneva; color: #888888; font-size: 12pt;\">6. R\u00e9clamation<\/span><\/strong><\/p>\n<p style=\"text-align: justify;\"><span style=\"font-family: verdana,geneva;\">Toute r\u00e9clamation, concernant les marchandises livr\u00e9es, sera admise pour autant qu&rsquo;elle soit faite par recommand\u00e9 dans les cinq (5) jours \u00e0 dater de la r\u00e9ception des marchandises en se r\u00e9f\u00e9rant au n\u00b0 de la facture ou \u00e0 d\u00e9faut au n\u00b0 du bon de livraison.<\/span><br \/> <span style=\"font-family: verdana,geneva;\"> Sans accord \u00e9crit pr\u00e9alable de notre part et pour autant que les marchandises nous soient retourn\u00e9es en bon \u00e9tat et dans leur emballage d&rsquo;origine, aucun retour de marchandises ne sera accept\u00e9.<\/span><br \/> <span style=\"font-family: verdana,geneva;\"> Toute r\u00e9clamation concernant nos factures ne peut aucunement justifier un d\u00e9lai ou une suspension de paiement.<\/span><\/p>\n<p class=\"Header1\" style=\"text-align: justify;\"><span style=\"color: #888888;\"><strong><span style=\"font-family: verdana,geneva; font-size: 12pt;\">7. Garantie<\/span><\/strong><\/span><\/p>\n<p style=\"text-align: justify;\"><span style=\"font-family: verdana,geneva;\">Quant au mat\u00e9riel informatique (hardware) la garantie concernant des marchandises livr\u00e9es par nos soins se limite \u00e0 celle accord\u00e9e par le fabricant respectif. La garantie ne porte que sur des d\u00e9fauts physiques de fabrication ou vices de mati\u00e8re du support mat\u00e9riel. Notre intervention se limite dans tous les cas et au plus au remplacement pur et simple des pi\u00e8ces reconnues d\u00e9fectueuses et sans qu&rsquo;on puisse r\u00e9clamer d&rsquo;indemnit\u00e9s d&rsquo;aucune sorte quel que soit le pr\u00e9texte invoqu\u00e9. Les pi\u00e8ces suppos\u00e9es d\u00e9fectueuses doivent nous \u00eatre retourn\u00e9es \u00e0 la soci\u00e9t\u00e9, pour analyse, franco domicile et deviennent notre propri\u00e9t\u00e9.<\/span><br \/> <span style=\"font-family: verdana,geneva;\"> Quant au logiciel informatique (software) achet\u00e9 par nous aupr\u00e8s de tiers, la garantie concernant des logiciels livr\u00e9s par nos soins se limite \u00e0 celle accord\u00e9e par le fabricant. Quant au logiciel informatique (software) con\u00e7u, d\u00e9velopp\u00e9 et distribu\u00e9 par nos soins ou distribu\u00e9 par des interm\u00e9diaires, la garantie concernant le logiciel livr\u00e9 est celle comme d\u00e9crite et mentionn\u00e9e dans le contrat de licence accompagnant le logiciel, \u00e0 l&rsquo;exclusion de toute autre garantie. Dans tous les cas, nous ne garantissons pas que les produits fournis sont aptes \u00e0 r\u00e9pondre et \u00e0 satisfaire un besoin particulier propre \u00e0 l&rsquo;activit\u00e9 de l&rsquo;acheteur. En aucun cas, nous ne serons tenu responsable des dommages directs, cons\u00e9cutifs ou indirects (comme mais non exclusivement ceux r\u00e9sultant de perte de donn\u00e9es, perte de programmes, perte de b\u00e9n\u00e9fices, manque \u00e0 gagner ou tout autre dommage \u00e9conomique) r\u00e9sultant de l&rsquo;utilisation ou de l&rsquo;impossibilit\u00e9 d&rsquo;utiliser les produits ou la documentation y attach\u00e9, ni vis-\u00e0-vis de toute r\u00e9clamation de tiers.<\/span><\/p>\n<p class=\"Header1\" style=\"text-align: justify;\"><span style=\"color: #888888;\"><strong><span style=\"font-family: verdana,geneva; font-size: 12pt;\">8. Paiement<\/span><\/strong><\/span><\/p>\n<p style=\"text-align: justify;\"><span style=\"font-family: verdana,geneva;\">Nos factures sont payables au comptant, nettes et sans escompte, sauf convention expresse contraire.<\/span><br \/> <span style=\"font-family: verdana,geneva;\"> La livraison incompl\u00e8te d&rsquo;une commande ne peut justifier le refus de paiement des marchandises livr\u00e9es.<\/span><br \/> <span style=\"font-family: verdana,geneva;\"> Les marchandises livr\u00e9es restent enti\u00e8rement et exclusivement de notre pleine propri\u00e9t\u00e9 jusqu&rsquo;au paiement complet du prix, taxes et accessoires.<\/span><\/p>\n<p style=\"text-align: justify;\"><strong><span style=\"font-family: verdana,geneva; color: #888888; font-size: 12pt;\">9. Force majeure<\/span><\/strong><span style=\"font-family: verdana,geneva;\"><br \/> <\/span><\/p>\n<p style=\"text-align: justify;\"><span style=\"font-family: verdana,geneva;\">Tous les cas fortuits et de force majeure (tels que mais sans \u00eatre limitatif, troubles, gr\u00e8ves, guerre, incendies, dispositions des forces arm\u00e9es ou des pouvoirs publics) sont r\u00e9serv\u00e9s \u00e0 notre profit et nous donnent le droit, sans intervention judiciaire et \u00e0 notre choix, soit de suspendre l&rsquo;ex\u00e9cution du contrat, soit de consid\u00e9rer celui-ci comme r\u00e9solu en tout ou en partie, sans \u00eatre tenu au paiement d&rsquo;une quelconque indemnit\u00e9.<\/span><br \/> <span style=\"font-family: verdana,geneva;\"> Pour le contrat ayant d\u00e9j\u00e0 fait l&rsquo;objet d&rsquo;une livraison partielle avant la survenance d&rsquo;un cas fortuit ou de force majeure, l&rsquo;acheteur est tenu de payer les marchandises qui lui ont \u00e9t\u00e9 livr\u00e9es.<\/span><\/p>\n<p style=\"text-align: justify;\"><span style=\"font-family: verdana,geneva;\"><strong><span style=\"font-family: verdana,geneva; color: #888888; font-size: 12pt;\"><span style=\"color: #888888;\"><span style=\"font-family: verdana,geneva; font-size: 12pt;\">10.<\/span><\/span>\u00a0Protection des donn\u00e9es \u00e0 caract\u00e8re personnel.<\/span><\/strong> <\/span><\/p>\n<p style=\"text-align: justify;\"><span style=\"font-family: verdana, geneva;\">Les coordonn\u00e9es du client sont enregistr\u00e9es dans les syst\u00e8mes de gestion de l\u2019entreprise et seront utilis\u00e9es conform\u00e9ment aux dispositions du r\u00e8glement g\u00e9n\u00e9ral sur la protection des donn\u00e9es (RGPD). Le client dispose d\u2019un droit d\u2019acc\u00e8s, de rectification, d\u2019effacement ainsi que d\u2019un droit d\u2019opposition au traitement conform\u00e9ment \u00e0 la r\u00e8glementation en vigueur. Le refus de conservation des donn\u00e9es ou de traitement de celles-ci peut entra\u00eener des cons\u00e9quences graves pour le client par exemple en ce qui concerne les titres de garantie et les obligations l\u00e9gales en mati\u00e8re de comptabilit\u00e9. <a href=\"http:\/\/www.linsys.lu\/index.php?id_cms=25&amp;controller=cms&amp;id_lang=1\">(cf.\u00a0: Notre politique de protection des donn\u00e9es nominatives)<\/a><\/span><\/p>\n<p class=\"Header1\" style=\"text-align: justify;\"><span style=\"color: #888888;\"><strong><span style=\"font-family: verdana,geneva; font-size: 12pt;\">11. Droit d&rsquo;application et comp\u00e9tence<\/span><\/strong><\/span><\/p>\n<p style=\"text-align: justify;\"><span style=\"font-family: verdana,geneva;\">Tout courrier, commande et\/ou confirmation de commande n\u2019engage la soci\u00e9t\u00e9 Linsys que si le CEO, l\u2019administrateur d\u00e9l\u00e9gu\u00e9 ou un fond\u00e9 de pouvoir d\u00fbment mandat\u00e9 l\u2019ont contresign\u00e9e. Tous nos contrats de vente sont soumis au droit luxembourgeois. Tous litiges auxquels nos contrats et nos prestations pourraient donner lieu sont de la comp\u00e9tence exclusive des Tribunaux d&rsquo;Arrondissement de Luxembourg. Les frais judiciaires et de contentieux seront enti\u00e8rement \u00e0 charge du client.<\/span><\/p>\n<p class=\"Header1\" style=\"text-align: justify;\"><strong><span style=\"font-family: verdana,geneva; color: #888888; font-size: 12pt;\">12.Divers<\/span><\/strong><\/p>\n<p style=\"text-align: justify;\"><span style=\"font-family: verdana,geneva;\">Nous nous r\u00e9servons le droit de modifier \u00e0 tout moment sans pr\u00e9avis les dispositions de nos conditions g\u00e9n\u00e9rales de vente.<\/span><\/p>\n<\/div>\n<p>&nbsp;<\/p>\n<div id=\"contact_block\" class=\"block\"><\/div>\n<p>[\/et_pb_text][\/et_pb_column][\/et_pb_row][\/et_pb_section][et_pb_section fb_built=\u00a0\u00bb1&Prime; admin_label=\u00a0\u00bbHero section\u00a0\u00bb _builder_version=\u00a0\u00bb3.22.7&Prime; use_background_color_gradient=\u00a0\u00bbon\u00a0\u00bb background_color_gradient_start=\u00a0\u00bbrgba(239,239,213,0.73)\u00a0\u00bb background_color_gradient_end=\u00a0\u00bbrgba(2,0,76,0.58)\u00a0\u00bb background_color_gradient_type=\u00a0\u00bbradial\u00a0\u00bb background_color_gradient_direction_radial=\u00a0\u00bbtop right\u00a0\u00bb background_color_gradient_end_position=\u00a0\u00bb82%\u00a0\u00bb background_color_gradient_overlays_image=\u00a0\u00bbon\u00a0\u00bb background_image=\u00a0\u00bbhttps:\/\/linsys.lu\/bob.linsys\/wp-content\/uploads\/2019\/05\/comment-bien-rediger-vos-conditions-generales-de-vente-k4_13719150.jpg\u00a0\u00bb background_position=\u00a0\u00bbtop_center\u00a0\u00bb border_radii=\u00a0\u00bb||17px||\u00a0\u00bb border_color_top=\u00a0\u00bb#E6E80C\u00a0\u00bb min_height=\u00a0\u00bb256px\u00a0\u00bb custom_margin=\u00a0\u00bb-30px|||||\u00a0\u00bb top_divider_style=\u00a0\u00bbwaves2&Prime; top_divider_color=\u00a0\u00bb#ffffff\u00a0\u00bb top_divider_flip=\u00a0\u00bbhorizontal|vertical\u00a0\u00bb][\/et_pb_section]<\/p>\n","protected":false},"excerpt":{"rendered":"<p>[et_pb_section fb_built=\u00a0\u00bb1&Prime; next_background_color=\u00a0\u00bb#ffffff\u00a0\u00bb admin_label=\u00a0\u00bbHero section\u00a0\u00bb _builder_version=\u00a0\u00bb3.22.7&Prime; use_background_color_gradient=\u00a0\u00bbon\u00a0\u00bb background_color_gradient_start=\u00a0\u00bbrgba(0,0,0,0.86)\u00a0\u00bb background_color_gradient_end=\u00a0\u00bbrgba(255,255,255,0.35)\u00a0\u00bb background_color_gradient_type=\u00a0\u00bbradial\u00a0\u00bb background_color_gradient_start_position=\u00a0\u00bb-6%\u00a0\u00bb background_color_gradient_end_position=\u00a0\u00bb73%\u00a0\u00bb background_color_gradient_overlays_image=\u00a0\u00bbon\u00a0\u00bb background_image=\u00a0\u00bbhttps:\/\/linsys.lu\/bob.linsys\/wp-content\/uploads\/2019\/05\/conditions-generales.jpg\u00a0\u00bb background_position=\u00a0\u00bbbottom_left\u00a0\u00bb min_height=\u00a0\u00bb670px\u00a0\u00bb custom_padding=\u00a0\u00bb0px||0px|||\u00a0\u00bb top_divider_style=\u00a0\u00bbslant2&Prime; top_divider_color=\u00a0\u00bbrgba(0,0,0,0.32)\u00a0\u00bb top_divider_height=\u00a0\u00bb79px\u00a0\u00bb top_divider_flip=\u00a0\u00bbvertical\u00a0\u00bb bottom_divider_style=\u00a0\u00bbwaves2&Prime; bottom_divider_height=\u00a0\u00bb89px\u00a0\u00bb bottom_divider_flip=\u00a0\u00bbvertical|horizontal\u00a0\u00bb][\/et_pb_section][et_pb_section fb_built=\u00a0\u00bb1&Prime; _builder_version=\u00a0\u00bb3.22.3&Prime; min_height=\u00a0\u00bb1032px\u00a0\u00bb custom_margin=\u00a0\u00bb15px|||||\u00a0\u00bb custom_padding=\u00a0\u00bb1px|0px|0|0px|false|false\u00a0\u00bb][et_pb_row use_custom_gutter=\u00a0\u00bbon\u00a0\u00bb gutter_width=\u00a0\u00bb1&Prime; padding_top_2=\u00a0\u00bb150px\u00a0\u00bb padding_right_1=\u00a0\u00bb40px\u00a0\u00bb padding_right_2=\u00a0\u00bb41px\u00a0\u00bb padding_right_3=\u00a0\u00bb40px\u00a0\u00bb padding_bottom_1=\u00a0\u00bb0px\u00a0\u00bb padding_bottom_2=\u00a0\u00bb0px\u00a0\u00bb padding_left_1=\u00a0\u00bb40px\u00a0\u00bb padding_left_2=\u00a0\u00bb41px\u00a0\u00bb padding_left_3=\u00a0\u00bb40px\u00a0\u00bb _builder_version=\u00a0\u00bb3.22.7&Prime; background_color=\u00a0\u00bb#ffffff\u00a0\u00bb background_size=\u00a0\u00bbinitial\u00a0\u00bb background_position=\u00a0\u00bbtop_left\u00a0\u00bb background_repeat=\u00a0\u00bbrepeat\u00a0\u00bb border_radii=\u00a0\u00bbon|15px|15px|15px|15px\u00a0\u00bb border_color_all=\u00a0\u00bb#000000&Prime; border_width_top=\u00a0\u00bb20px\u00a0\u00bb border_color_top=\u00a0\u00bbrgba(0,0,0,0.48)\u00a0\u00bb box_shadow_style=\u00a0\u00bbpreset3&Prime; box_shadow_vertical=\u00a0\u00bb39px\u00a0\u00bb box_shadow_blur=\u00a0\u00bb80px\u00a0\u00bb box_shadow_color=\u00a0\u00bbrgba(0,0,0,0.1)\u00a0\u00bb max_width=\u00a0\u00bb1440px\u00a0\u00bb min_height=\u00a0\u00bb941px\u00a0\u00bb [&hellip;]<\/p>\n","protected":false},"author":1,"featured_media":0,"parent":0,"menu_order":0,"comment_status":"closed","ping_status":"closed","template":"","meta":{"_et_pb_use_builder":"on","_et_pb_old_content":"<!-- wp:divi\/placeholder \/-->","_et_gb_content_width":"","footnotes":""},"_links":{"self":[{"href":"https:\/\/linsys.lu\/bob.linsys\/wp-json\/wp\/v2\/pages\/798"}],"collection":[{"href":"https:\/\/linsys.lu\/bob.linsys\/wp-json\/wp\/v2\/pages"}],"about":[{"href":"https:\/\/linsys.lu\/bob.linsys\/wp-json\/wp\/v2\/types\/page"}],"author":[{"embeddable":true,"href":"https:\/\/linsys.lu\/bob.linsys\/wp-json\/wp\/v2\/users\/1"}],"replies":[{"embeddable":true,"href":"https:\/\/linsys.lu\/bob.linsys\/wp-json\/wp\/v2\/comments?post=798"}],"version-history":[{"count":10,"href":"https:\/\/linsys.lu\/bob.linsys\/wp-json\/wp\/v2\/pages\/798\/revisions"}],"predecessor-version":[{"id":2095,"href":"https:\/\/linsys.lu\/bob.linsys\/wp-json\/wp\/v2\/pages\/798\/revisions\/2095"}],"wp:attachment":[{"href":"https:\/\/linsys.lu\/bob.linsys\/wp-json\/wp\/v2\/media?parent=798"}],"curies":[{"name":"wp","href":"https:\/\/api.w.org\/{rel}","templated":true}]}}